{"id":282,"date":"2023-05-27T21:33:12","date_gmt":"2023-05-27T21:33:12","guid":{"rendered":"https:\/\/mtconcreto.com\/?page_id=282"},"modified":"2023-06-15T02:55:09","modified_gmt":"2023-06-15T05:55:09","slug":"onde-estamos","status":"publish","type":"page","link":"http:\/\/mtconcreto.com.br\/?page_id=282","title":{"rendered":"Onde Estamos"},"content":{"rendered":"\t\t<div data-elementor-type=\"wp-page\" data-elementor-id=\"282\" class=\"elementor elementor-282\">\n\t\t\t\t\t\t\t\t\t<section class=\"elementor-section elementor-top-section elementor-element elementor-element-4b16b027 elementor-section-boxed elementor-section-height-default elementor-section-height-default\" data-id=\"4b16b027\" data-element_type=\"section\">\n\t\t\t\t\t\t<div class=\"elementor-container elementor-column-gap-default\">\n\t\t\t\t\t<div class=\"elementor-column elementor-col-50 elementor-top-column elementor-element elementor-element-66a91f14\" data-id=\"66a91f14\" data-element_type=\"column\">\n\t\t\t<div class=\"elementor-widget-wrap elementor-element-populated\">\n\t\t\t\t\t\t\t\t<div class=\"elementor-element elementor-element-1b1b8fa7 elementor-widget elementor-widget-image\" data-id=\"1b1b8fa7\" data-element_type=\"widget\" data-widget_type=\"image.default\">\n\t\t\t\t<div class=\"elementor-widget-container\">\n\t\t\t<style>\/*! elementor - v3.14.0 - 26-06-2023 *\/\n.elementor-widget-image{text-align:center}.elementor-widget-image a{display:inline-block}.elementor-widget-image a img[src$=\".svg\"]{width:48px}.elementor-widget-image img{vertical-align:middle;display:inline-block}<\/style>\t\t\t\t\t\t\t\t\t\t\t\t<img decoding=\"async\" width=\"300\" height=\"300\" src=\"http:\/\/mtconcreto.com.br\/wp-content\/uploads\/2023\/06\/Design-sem-nome-12.png\" class=\"attachment-large size-large wp-image-496\" alt=\"\" srcset=\"http:\/\/mtconcreto.com.br\/wp-content\/uploads\/2023\/06\/Design-sem-nome-12.png 300w, http:\/\/mtconcreto.com.br\/wp-content\/uploads\/2023\/06\/Design-sem-nome-12-150x150.png 150w\" sizes=\"(max-width: 300px) 100vw, 300px\" \/>\t\t\t\t\t\t\t\t\t\t\t\t\t\t\t<\/div>\n\t\t\t\t<\/div>\n\t\t\t\t\t<\/div>\n\t\t<\/div>\n\t\t\t\t<div class=\"elementor-column elementor-col-50 elementor-top-column elementor-element elementor-element-4c20e105\" data-id=\"4c20e105\" data-element_type=\"column\">\n\t\t\t<div class=\"elementor-widget-wrap elementor-element-populated\">\n\t\t\t\t\t\t\t\t<div class=\"elementor-element elementor-element-4702026 elementor-nav-menu__align-center elementor-nav-menu--dropdown-tablet elementor-nav-menu__text-align-aside elementor-nav-menu--toggle elementor-nav-menu--burger elementor-widget elementor-widget-nav-menu\" data-id=\"4702026\" data-element_type=\"widget\" data-settings=\"{&quot;layout&quot;:&quot;horizontal&quot;,&quot;submenu_icon&quot;:{&quot;value&quot;:&quot;&lt;i class=\\&quot;fas fa-caret-down\\&quot;&gt;&lt;\\\/i&gt;&quot;,&quot;library&quot;:&quot;fa-solid&quot;},&quot;toggle&quot;:&quot;burger&quot;}\" data-widget_type=\"nav-menu.default\">\n\t\t\t\t<div class=\"elementor-widget-container\">\n\t\t\t<link rel=\"stylesheet\" href=\"http:\/\/mtconcreto.com.br\/wp-content\/plugins\/elementor-pro\/assets\/css\/widget-nav-menu.min.css\">\t\t\t<nav migration_allowed=\"1\" migrated=\"0\" role=\"navigation\" class=\"elementor-nav-menu--main elementor-nav-menu__container elementor-nav-menu--layout-horizontal e--pointer-underline e--animation-fade\">\n\t\t\t\t<ul id=\"menu-1-4702026\" class=\"elementor-nav-menu\"><li class=\"menu-item menu-item-type-post_type menu-item-object-page menu-item-home menu-item-461\"><a href=\"http:\/\/mtconcreto.com.br\/\" class=\"elementor-item\">Home<\/a><\/li>\n<li class=\"menu-item menu-item-type-post_type menu-item-object-page menu-item-has-children menu-item-462\"><a href=\"http:\/\/mtconcreto.com.br\/?page_id=456\" class=\"elementor-item\">Produtos<\/a>\n<ul class=\"sub-menu elementor-nav-menu--dropdown\">\n\t<li class=\"menu-item menu-item-type-post_type menu-item-object-page menu-item-470\"><a href=\"http:\/\/mtconcreto.com.br\/?page_id=191\" class=\"elementor-sub-item\">Concreto Para Pavimenta\u00e7\u00e3o<\/a><\/li>\n\t<li class=\"menu-item menu-item-type-post_type menu-item-object-page menu-item-469\"><a href=\"http:\/\/mtconcreto.com.br\/?page_id=193\" class=\"elementor-sub-item\">Concreto Leve<\/a><\/li>\n\t<li class=\"menu-item menu-item-type-post_type menu-item-object-page menu-item-468\"><a href=\"http:\/\/mtconcreto.com.br\/?page_id=194\" class=\"elementor-sub-item\">Concreto Convencional<\/a><\/li>\n\t<li class=\"menu-item menu-item-type-post_type menu-item-object-page menu-item-467\"><a href=\"http:\/\/mtconcreto.com.br\/?page_id=195\" class=\"elementor-sub-item\">Concreto Com Adi\u00e7\u00e3o De Fibras<\/a><\/li>\n\t<li class=\"menu-item menu-item-type-post_type menu-item-object-page menu-item-465\"><a href=\"http:\/\/mtconcreto.com.br\/?page_id=197\" class=\"elementor-sub-item\">Concreto Poroso<\/a><\/li>\n\t<li class=\"menu-item menu-item-type-post_type menu-item-object-page menu-item-464\"><a href=\"http:\/\/mtconcreto.com.br\/?page_id=198\" class=\"elementor-sub-item\">Concreto Pesado<\/a><\/li>\n\t<li class=\"menu-item menu-item-type-post_type menu-item-object-page menu-item-463\"><a href=\"http:\/\/mtconcreto.com.br\/?page_id=208\" class=\"elementor-sub-item\">Concreto Autoadens\u00e1vel<\/a><\/li>\n\t<li class=\"menu-item menu-item-type-post_type menu-item-object-page menu-item-460\"><a href=\"http:\/\/mtconcreto.com.br\/?page_id=454\" class=\"elementor-sub-item\">Concreto De Alto Desempenho- CAD<\/a><\/li>\n<\/ul>\n<\/li>\n<li class=\"menu-item menu-item-type-post_type menu-item-object-page menu-item-457\"><a href=\"http:\/\/mtconcreto.com.br\/?page_id=294\" class=\"elementor-item\">Fale Conosco<\/a><\/li>\n<li class=\"menu-item menu-item-type-post_type menu-item-object-page menu-item-458\"><a href=\"http:\/\/mtconcreto.com.br\/?page_id=282\" class=\"elementor-item\">Onde Estamos<\/a><\/li>\n<\/ul>\t\t\t<\/nav>\n\t\t\t\t\t<div class=\"elementor-menu-toggle\" role=\"button\" tabindex=\"0\" aria-label=\"Menu Toggle\" aria-expanded=\"false\">\n\t\t\t<i aria-hidden=\"true\" role=\"presentation\" class=\"elementor-menu-toggle__icon--open eicon-menu-bar\"><\/i><i aria-hidden=\"true\" role=\"presentation\" class=\"elementor-menu-toggle__icon--close eicon-close\"><\/i>\t\t\t<span class=\"elementor-screen-only\">Menu<\/span>\n\t\t<\/div>\n\t\t\t<nav class=\"elementor-nav-menu--dropdown elementor-nav-menu__container\" role=\"navigation\" aria-hidden=\"true\">\n\t\t\t\t<ul id=\"menu-2-4702026\" class=\"elementor-nav-menu\"><li class=\"menu-item menu-item-type-post_type menu-item-object-page menu-item-home menu-item-461\"><a href=\"http:\/\/mtconcreto.com.br\/\" class=\"elementor-item\" tabindex=\"-1\">Home<\/a><\/li>\n<li class=\"menu-item menu-item-type-post_type menu-item-object-page menu-item-has-children menu-item-462\"><a href=\"http:\/\/mtconcreto.com.br\/?page_id=456\" class=\"elementor-item\" tabindex=\"-1\">Produtos<\/a>\n<ul class=\"sub-menu elementor-nav-menu--dropdown\">\n\t<li class=\"menu-item menu-item-type-post_type menu-item-object-page menu-item-470\"><a href=\"http:\/\/mtconcreto.com.br\/?page_id=191\" class=\"elementor-sub-item\" tabindex=\"-1\">Concreto Para Pavimenta\u00e7\u00e3o<\/a><\/li>\n\t<li class=\"menu-item menu-item-type-post_type menu-item-object-page menu-item-469\"><a href=\"http:\/\/mtconcreto.com.br\/?page_id=193\" class=\"elementor-sub-item\" tabindex=\"-1\">Concreto Leve<\/a><\/li>\n\t<li class=\"menu-item menu-item-type-post_type menu-item-object-page menu-item-468\"><a href=\"http:\/\/mtconcreto.com.br\/?page_id=194\" class=\"elementor-sub-item\" tabindex=\"-1\">Concreto Convencional<\/a><\/li>\n\t<li class=\"menu-item menu-item-type-post_type menu-item-object-page menu-item-467\"><a href=\"http:\/\/mtconcreto.com.br\/?page_id=195\" class=\"elementor-sub-item\" tabindex=\"-1\">Concreto Com Adi\u00e7\u00e3o De Fibras<\/a><\/li>\n\t<li class=\"menu-item menu-item-type-post_type menu-item-object-page menu-item-465\"><a href=\"http:\/\/mtconcreto.com.br\/?page_id=197\" class=\"elementor-sub-item\" tabindex=\"-1\">Concreto Poroso<\/a><\/li>\n\t<li class=\"menu-item menu-item-type-post_type menu-item-object-page menu-item-464\"><a href=\"http:\/\/mtconcreto.com.br\/?page_id=198\" class=\"elementor-sub-item\" tabindex=\"-1\">Concreto Pesado<\/a><\/li>\n\t<li class=\"menu-item menu-item-type-post_type menu-item-object-page menu-item-463\"><a href=\"http:\/\/mtconcreto.com.br\/?page_id=208\" class=\"elementor-sub-item\" tabindex=\"-1\">Concreto Autoadens\u00e1vel<\/a><\/li>\n\t<li class=\"menu-item menu-item-type-post_type menu-item-object-page menu-item-460\"><a href=\"http:\/\/mtconcreto.com.br\/?page_id=454\" class=\"elementor-sub-item\" tabindex=\"-1\">Concreto De Alto Desempenho- CAD<\/a><\/li>\n<\/ul>\n<\/li>\n<li class=\"menu-item menu-item-type-post_type menu-item-object-page menu-item-457\"><a href=\"http:\/\/mtconcreto.com.br\/?page_id=294\" class=\"elementor-item\" tabindex=\"-1\">Fale Conosco<\/a><\/li>\n<li class=\"menu-item menu-item-type-post_type menu-item-object-page menu-item-458\"><a href=\"http:\/\/mtconcreto.com.br\/?page_id=282\" class=\"elementor-item\" tabindex=\"-1\">Onde Estamos<\/a><\/li>\n<\/ul>\t\t\t<\/nav>\n\t\t\t\t<\/div>\n\t\t\t\t<\/div>\n\t\t\t\t\t<\/div>\n\t\t<\/div>\n\t\t\t\t\t\t\t<\/div>\n\t\t<\/section>\n\t\t\t\t<section class=\"elementor-section elementor-top-section elementor-element elementor-element-67234f54 elementor-section-height-min-height elementor-section-full_width elementor-section-height-default elementor-section-items-middle\" data-id=\"67234f54\" data-element_type=\"section\" data-settings=\"{&quot;background_background&quot;:&quot;classic&quot;}\">\n\t\t\t\t\t\t\t<div class=\"elementor-background-overlay\"><\/div>\n\t\t\t\t\t\t\t<div class=\"elementor-container elementor-column-gap-default\">\n\t\t\t\t\t<div class=\"elementor-column elementor-col-100 elementor-top-column elementor-element elementor-element-dec49a0\" data-id=\"dec49a0\" data-element_type=\"column\">\n\t\t\t<div class=\"elementor-widget-wrap elementor-element-populated\">\n\t\t\t\t\t\t\t\t<div class=\"elementor-element elementor-element-5cc6fc08 elementor-widget elementor-widget-heading\" data-id=\"5cc6fc08\" data-element_type=\"widget\" data-widget_type=\"heading.default\">\n\t\t\t\t<div class=\"elementor-widget-container\">\n\t\t\t<style>\/*! elementor - v3.14.0 - 26-06-2023 *\/\n.elementor-heading-title{padding:0;margin:0;line-height:1}.elementor-widget-heading .elementor-heading-title[class*=elementor-size-]>a{color:inherit;font-size:inherit;line-height:inherit}.elementor-widget-heading .elementor-heading-title.elementor-size-small{font-size:15px}.elementor-widget-heading .elementor-heading-title.elementor-size-medium{font-size:19px}.elementor-widget-heading .elementor-heading-title.elementor-size-large{font-size:29px}.elementor-widget-heading .elementor-heading-title.elementor-size-xl{font-size:39px}.elementor-widget-heading .elementor-heading-title.elementor-size-xxl{font-size:59px}<\/style><h3 class=\"elementor-heading-title elementor-size-default\"> <b>MT CONCRETO<\/b><\/h3>\t\t<\/div>\n\t\t\t\t<\/div>\n\t\t\t\t<div class=\"elementor-element elementor-element-53da72f8 elementor-widget elementor-widget-heading\" data-id=\"53da72f8\" data-element_type=\"widget\" data-widget_type=\"heading.default\">\n\t\t\t\t<div class=\"elementor-widget-container\">\n\t\t\t<h1 class=\"elementor-heading-title elementor-size-default\">Construa com confian\u00e7a e qualidade, aproveitando os benef\u00edcios imbat\u00edveis dos nossos produtos \n<\/h1>\t\t<\/div>\n\t\t\t\t<\/div>\n\t\t\t\t\t<\/div>\n\t\t<\/div>\n\t\t\t\t\t\t\t<\/div>\n\t\t<\/section>\n\t\t\t\t<section class=\"elementor-section elementor-top-section elementor-element elementor-element-48cf2856 elementor-section-content-middle elementor-section-full_width elementor-section-height-default elementor-section-height-default\" data-id=\"48cf2856\" data-element_type=\"section\">\n\t\t\t\t\t\t<div class=\"elementor-container elementor-column-gap-no\">\n\t\t\t\t\t<div class=\"elementor-column elementor-col-100 elementor-top-column elementor-element elementor-element-4a3ec559\" data-id=\"4a3ec559\" data-element_type=\"column\">\n\t\t\t<div class=\"elementor-widget-wrap elementor-element-populated\">\n\t\t\t\t\t\t\t\t<div class=\"elementor-element elementor-element-e490298 elementor-widget elementor-widget-heading\" data-id=\"e490298\" data-element_type=\"widget\" data-widget_type=\"heading.default\">\n\t\t\t\t<div class=\"elementor-widget-container\">\n\t\t\t<h6 class=\"elementor-heading-title elementor-size-default\">contato<\/h6>\t\t<\/div>\n\t\t\t\t<\/div>\n\t\t\t\t<div class=\"elementor-element elementor-element-24366d9b elementor-widget elementor-widget-heading\" data-id=\"24366d9b\" data-element_type=\"widget\" data-widget_type=\"heading.default\">\n\t\t\t\t<div class=\"elementor-widget-container\">\n\t\t\t<h6 class=\"elementor-heading-title elementor-size-default\"><a href=\"https:\/\/api.whatsapp.com\/send?phone=5565998049847&#038;text=Ol%C3%A1%2C%20eu%20vim%20do%20instagram%20e%20gostaria%20de%20mais%20informa%C3%A7%C3%A3o%20sobre%20a%20MT%20CONCRETO\">(65) 99804-9847<\/a><\/h6>\t\t<\/div>\n\t\t\t\t<\/div>\n\t\t\t\t<div class=\"elementor-element elementor-element-e62e520 elementor-widget elementor-widget-heading\" data-id=\"e62e520\" data-element_type=\"widget\" data-widget_type=\"heading.default\">\n\t\t\t\t<div class=\"elementor-widget-container\">\n\t\t\t<h3 class=\"elementor-heading-title elementor-size-default\">Av. dos Bandeirantes (Residencial Jos\u00e9 Carlos Guimar\u00e3es), s\/n- Bairro Novo Mundo- V\u00e1rzea Grande-MT<\/h3>\t\t<\/div>\n\t\t\t\t<\/div>\n\t\t\t\t\t<\/div>\n\t\t<\/div>\n\t\t\t\t\t\t\t<\/div>\n\t\t<\/section>\n\t\t\t\t<section class=\"elementor-section elementor-top-section elementor-element elementor-element-4e1e8479 elementor-section-full_width elementor-section-height-default elementor-section-height-default\" data-id=\"4e1e8479\" data-element_type=\"section\" data-settings=\"{&quot;background_background&quot;:&quot;classic&quot;}\">\n\t\t\t\t\t\t<div class=\"elementor-container elementor-column-gap-no\">\n\t\t\t\t\t<div class=\"elementor-column elementor-col-100 elementor-top-column elementor-element elementor-element-4bcb3a48\" data-id=\"4bcb3a48\" data-element_type=\"column\">\n\t\t\t<div class=\"elementor-widget-wrap elementor-element-populated\">\n\t\t\t\t\t\t\t\t<div class=\"elementor-element elementor-element-660e22dd elementor-widget elementor-widget-google_maps\" data-id=\"660e22dd\" data-element_type=\"widget\" data-widget_type=\"google_maps.default\">\n\t\t\t\t<div class=\"elementor-widget-container\">\n\t\t\t<style>\/*! elementor - v3.14.0 - 26-06-2023 *\/\n.elementor-widget-google_maps .elementor-widget-container{overflow:hidden}.elementor-widget-google_maps .elementor-custom-embed{line-height:0}.elementor-widget-google_maps iframe{height:300px}<\/style>\t\t<div class=\"elementor-custom-embed\">\n\t\t\t<iframe loading=\"lazy\"\n\t\t\t\t\tsrc=\"https:\/\/maps.google.com\/maps?q=Av.%20dos%20Bandeirantes%20-%20Jos%C3%A9%20Carlos%20Guimares%2C%20V%C3%A1rzea%20Grande%20-%20MT%2C%2078149-498&#038;t=m&#038;z=18&#038;output=embed&#038;iwloc=near\"\n\t\t\t\t\ttitle=\"Av. dos Bandeirantes - Jos\u00e9 Carlos Guimares, V\u00e1rzea Grande - MT, 78149-498\"\n\t\t\t\t\taria-label=\"Av. dos Bandeirantes - Jos\u00e9 Carlos Guimares, V\u00e1rzea Grande - MT, 78149-498\"\n\t\t\t><\/iframe>\n\t\t<\/div>\n\t\t\t\t<\/div>\n\t\t\t\t<\/div>\n\t\t\t\t\t<\/div>\n\t\t<\/div>\n\t\t\t\t\t\t\t<\/div>\n\t\t<\/section>\n\t\t\t\t<section class=\"elementor-section elementor-top-section elementor-element elementor-element-15d26f63 elementor-section-boxed elementor-section-height-default elementor-section-height-default\" data-id=\"15d26f63\" data-element_type=\"section\" data-settings=\"{&quot;background_background&quot;:&quot;classic&quot;}\">\n\t\t\t\t\t\t<div class=\"elementor-container elementor-column-gap-default\">\n\t\t\t\t\t<div class=\"elementor-column elementor-col-50 elementor-top-column elementor-element elementor-element-4534c89e\" data-id=\"4534c89e\" data-element_type=\"column\">\n\t\t\t<div class=\"elementor-widget-wrap elementor-element-populated\">\n\t\t\t\t\t\t\t\t<div class=\"elementor-element elementor-element-10340029 elementor-widget elementor-widget-image\" data-id=\"10340029\" data-element_type=\"widget\" data-widget_type=\"image.default\">\n\t\t\t\t<div class=\"elementor-widget-container\">\n\t\t\t\t\t\t\t\t\t\t\t\t\t\t\t<img decoding=\"async\" src=\"https:\/\/mtconcreto.com\/wp-content\/uploads\/2023\/05\/LOGO-REDONDO-MT-CONCRETO.png\" title=\"\" alt=\"\" loading=\"lazy\" \/>\t\t\t\t\t\t\t\t\t\t\t\t\t\t\t<\/div>\n\t\t\t\t<\/div>\n\t\t\t\t\t<\/div>\n\t\t<\/div>\n\t\t\t\t<div class=\"elementor-column elementor-col-50 elementor-top-column elementor-element elementor-element-71e22317\" data-id=\"71e22317\" data-element_type=\"column\">\n\t\t\t<div class=\"elementor-widget-wrap elementor-element-populated\">\n\t\t\t\t\t\t\t\t<div class=\"elementor-element elementor-element-5723c576 elementor-nav-menu__align-left elementor-nav-menu--dropdown-tablet elementor-nav-menu__text-align-aside elementor-nav-menu--toggle elementor-nav-menu--burger elementor-widget elementor-widget-nav-menu\" data-id=\"5723c576\" data-element_type=\"widget\" data-settings=\"{&quot;layout&quot;:&quot;horizontal&quot;,&quot;submenu_icon&quot;:{&quot;value&quot;:&quot;&lt;i class=\\&quot;fas fa-caret-down\\&quot;&gt;&lt;\\\/i&gt;&quot;,&quot;library&quot;:&quot;fa-solid&quot;},&quot;toggle&quot;:&quot;burger&quot;}\" data-widget_type=\"nav-menu.default\">\n\t\t\t\t<div class=\"elementor-widget-container\">\n\t\t\t\t\t\t<nav migration_allowed=\"1\" migrated=\"0\" role=\"navigation\" class=\"elementor-nav-menu--main elementor-nav-menu__container elementor-nav-menu--layout-horizontal e--pointer-underline e--animation-fade\">\n\t\t\t\t<ul id=\"menu-1-5723c576\" class=\"elementor-nav-menu\"><li class=\"menu-item menu-item-type-post_type menu-item-object-page menu-item-home menu-item-461\"><a href=\"http:\/\/mtconcreto.com.br\/\" class=\"elementor-item\">Home<\/a><\/li>\n<li class=\"menu-item menu-item-type-post_type menu-item-object-page menu-item-has-children menu-item-462\"><a href=\"http:\/\/mtconcreto.com.br\/?page_id=456\" class=\"elementor-item\">Produtos<\/a>\n<ul class=\"sub-menu elementor-nav-menu--dropdown\">\n\t<li class=\"menu-item menu-item-type-post_type menu-item-object-page menu-item-470\"><a href=\"http:\/\/mtconcreto.com.br\/?page_id=191\" class=\"elementor-sub-item\">Concreto Para Pavimenta\u00e7\u00e3o<\/a><\/li>\n\t<li class=\"menu-item menu-item-type-post_type menu-item-object-page menu-item-469\"><a href=\"http:\/\/mtconcreto.com.br\/?page_id=193\" class=\"elementor-sub-item\">Concreto Leve<\/a><\/li>\n\t<li class=\"menu-item menu-item-type-post_type menu-item-object-page menu-item-468\"><a href=\"http:\/\/mtconcreto.com.br\/?page_id=194\" class=\"elementor-sub-item\">Concreto Convencional<\/a><\/li>\n\t<li class=\"menu-item menu-item-type-post_type menu-item-object-page menu-item-467\"><a href=\"http:\/\/mtconcreto.com.br\/?page_id=195\" class=\"elementor-sub-item\">Concreto Com Adi\u00e7\u00e3o De Fibras<\/a><\/li>\n\t<li class=\"menu-item menu-item-type-post_type menu-item-object-page menu-item-465\"><a href=\"http:\/\/mtconcreto.com.br\/?page_id=197\" class=\"elementor-sub-item\">Concreto Poroso<\/a><\/li>\n\t<li class=\"menu-item menu-item-type-post_type menu-item-object-page menu-item-464\"><a href=\"http:\/\/mtconcreto.com.br\/?page_id=198\" class=\"elementor-sub-item\">Concreto Pesado<\/a><\/li>\n\t<li class=\"menu-item menu-item-type-post_type menu-item-object-page menu-item-463\"><a href=\"http:\/\/mtconcreto.com.br\/?page_id=208\" class=\"elementor-sub-item\">Concreto Autoadens\u00e1vel<\/a><\/li>\n\t<li class=\"menu-item menu-item-type-post_type menu-item-object-page menu-item-460\"><a href=\"http:\/\/mtconcreto.com.br\/?page_id=454\" class=\"elementor-sub-item\">Concreto De Alto Desempenho- CAD<\/a><\/li>\n<\/ul>\n<\/li>\n<li class=\"menu-item menu-item-type-post_type menu-item-object-page menu-item-457\"><a href=\"http:\/\/mtconcreto.com.br\/?page_id=294\" class=\"elementor-item\">Fale Conosco<\/a><\/li>\n<li class=\"menu-item menu-item-type-post_type menu-item-object-page menu-item-458\"><a href=\"http:\/\/mtconcreto.com.br\/?page_id=282\" class=\"elementor-item\">Onde Estamos<\/a><\/li>\n<\/ul>\t\t\t<\/nav>\n\t\t\t\t\t<div class=\"elementor-menu-toggle\" role=\"button\" tabindex=\"0\" aria-label=\"Menu Toggle\" aria-expanded=\"false\">\n\t\t\t<i aria-hidden=\"true\" role=\"presentation\" class=\"elementor-menu-toggle__icon--open eicon-menu-bar\"><\/i><i aria-hidden=\"true\" role=\"presentation\" class=\"elementor-menu-toggle__icon--close eicon-close\"><\/i>\t\t\t<span class=\"elementor-screen-only\">Menu<\/span>\n\t\t<\/div>\n\t\t\t<nav class=\"elementor-nav-menu--dropdown elementor-nav-menu__container\" role=\"navigation\" aria-hidden=\"true\">\n\t\t\t\t<ul id=\"menu-2-5723c576\" class=\"elementor-nav-menu\"><li class=\"menu-item menu-item-type-post_type menu-item-object-page menu-item-home menu-item-461\"><a href=\"http:\/\/mtconcreto.com.br\/\" class=\"elementor-item\" tabindex=\"-1\">Home<\/a><\/li>\n<li class=\"menu-item menu-item-type-post_type menu-item-object-page menu-item-has-children menu-item-462\"><a href=\"http:\/\/mtconcreto.com.br\/?page_id=456\" class=\"elementor-item\" tabindex=\"-1\">Produtos<\/a>\n<ul class=\"sub-menu elementor-nav-menu--dropdown\">\n\t<li class=\"menu-item menu-item-type-post_type menu-item-object-page menu-item-470\"><a href=\"http:\/\/mtconcreto.com.br\/?page_id=191\" class=\"elementor-sub-item\" tabindex=\"-1\">Concreto Para Pavimenta\u00e7\u00e3o<\/a><\/li>\n\t<li class=\"menu-item menu-item-type-post_type menu-item-object-page menu-item-469\"><a href=\"http:\/\/mtconcreto.com.br\/?page_id=193\" class=\"elementor-sub-item\" tabindex=\"-1\">Concreto Leve<\/a><\/li>\n\t<li class=\"menu-item menu-item-type-post_type menu-item-object-page menu-item-468\"><a href=\"http:\/\/mtconcreto.com.br\/?page_id=194\" class=\"elementor-sub-item\" tabindex=\"-1\">Concreto Convencional<\/a><\/li>\n\t<li class=\"menu-item menu-item-type-post_type menu-item-object-page menu-item-467\"><a href=\"http:\/\/mtconcreto.com.br\/?page_id=195\" class=\"elementor-sub-item\" tabindex=\"-1\">Concreto Com Adi\u00e7\u00e3o De Fibras<\/a><\/li>\n\t<li class=\"menu-item menu-item-type-post_type menu-item-object-page menu-item-465\"><a href=\"http:\/\/mtconcreto.com.br\/?page_id=197\" class=\"elementor-sub-item\" tabindex=\"-1\">Concreto Poroso<\/a><\/li>\n\t<li class=\"menu-item menu-item-type-post_type menu-item-object-page menu-item-464\"><a href=\"http:\/\/mtconcreto.com.br\/?page_id=198\" class=\"elementor-sub-item\" tabindex=\"-1\">Concreto Pesado<\/a><\/li>\n\t<li class=\"menu-item menu-item-type-post_type menu-item-object-page menu-item-463\"><a href=\"http:\/\/mtconcreto.com.br\/?page_id=208\" class=\"elementor-sub-item\" tabindex=\"-1\">Concreto Autoadens\u00e1vel<\/a><\/li>\n\t<li class=\"menu-item menu-item-type-post_type menu-item-object-page menu-item-460\"><a href=\"http:\/\/mtconcreto.com.br\/?page_id=454\" class=\"elementor-sub-item\" tabindex=\"-1\">Concreto De Alto Desempenho- CAD<\/a><\/li>\n<\/ul>\n<\/li>\n<li class=\"menu-item menu-item-type-post_type menu-item-object-page menu-item-457\"><a href=\"http:\/\/mtconcreto.com.br\/?page_id=294\" class=\"elementor-item\" tabindex=\"-1\">Fale Conosco<\/a><\/li>\n<li class=\"menu-item menu-item-type-post_type menu-item-object-page menu-item-458\"><a href=\"http:\/\/mtconcreto.com.br\/?page_id=282\" class=\"elementor-item\" tabindex=\"-1\">Onde Estamos<\/a><\/li>\n<\/ul>\t\t\t<\/nav>\n\t\t\t\t<\/div>\n\t\t\t\t<\/div>\n\t\t\t\t\t<\/div>\n\t\t<\/div>\n\t\t\t\t\t\t\t<\/div>\n\t\t<\/section>\n\t\t\t\t\t\t\t<\/div>\n\t\t","protected":false},"excerpt":{"rendered":"<p>MT CONCRETO Construa com confian\u00e7a e qualidade, aproveitando os benef\u00edcios imbat\u00edveis dos nossos produtos contato (65) 99804-9847 Av. dos Bandeirantes (Residencial Jos\u00e9 Carlos Guimar\u00e3es), s\/n- Bairro Novo Mundo- V\u00e1rzea Grande-MT<\/p>\n","protected":false},"author":1,"featured_media":0,"parent":0,"menu_order":0,"comment_status":"closed","ping_status":"closed","template":"elementor_canvas","meta":{"footnotes":""},"class_list":["post-282","page","type-page","status-publish","hentry"],"_links":{"self":[{"href":"http:\/\/mtconcreto.com.br\/index.php?rest_route=\/wp\/v2\/pages\/282","targetHints":{"allow":["GET"]}}],"collection":[{"href":"http:\/\/mtconcreto.com.br\/index.php?rest_route=\/wp\/v2\/pages"}],"about":[{"href":"http:\/\/mtconcreto.com.br\/index.php?rest_route=\/wp\/v2\/types\/page"}],"author":[{"embeddable":true,"href":"http:\/\/mtconcreto.com.br\/index.php?rest_route=\/wp\/v2\/users\/1"}],"replies":[{"embeddable":true,"href":"http:\/\/mtconcreto.com.br\/index.php?rest_route=%2Fwp%2Fv2%2Fcomments&post=282"}],"version-history":[{"count":9,"href":"http:\/\/mtconcreto.com.br\/index.php?rest_route=\/wp\/v2\/pages\/282\/revisions"}],"predecessor-version":[{"id":580,"href":"http:\/\/mtconcreto.com.br\/index.php?rest_route=\/wp\/v2\/pages\/282\/revisions\/580"}],"wp:attachment":[{"href":"http:\/\/mtconcreto.com.br\/index.php?rest_route=%2Fwp%2Fv2%2Fmedia&parent=282"}],"curies":[{"name":"wp","href":"https:\/\/api.w.org\/{rel}","templated":true}]}}